{"id":124,"date":"2016-08-02T22:03:48","date_gmt":"2016-08-03T01:03:48","guid":{"rendered":"http:\/\/arquitetocaio.com\/wpcp\/?page_id=124"},"modified":"2019-09-14T13:42:41","modified_gmt":"2019-09-14T16:42:41","slug":"projetos-casas-arquitetura-moderna-arquiteto-campinas-limeira","status":"publish","type":"page","link":"https:\/\/arquitetocaio.com\/wpcp\/projetos-casas-arquitetura-moderna-arquiteto-campinas-limeira\/","title":{"rendered":"Arquitetura Moderna"},"content":{"rendered":"<h1><strong>Projetos de Casas Arquitetura Moderna&nbsp;e Contempor\u00e2nea &nbsp;<\/strong><\/h1>\n<p>Projetos de Casas Arquitetura Moderna e<strong>&nbsp;<\/strong>Projetos Modernos, Plantas Contempor\u00e2nea, Arquitetura Nova, Arquitetura Contempor\u00e2nea, Portanto confira Arquitetos Modernos, Arquitetura Moderna Campinas, Arquitetura Moderna Limeira, Arquitetura Moderna Valinhos<\/p>\n<div id=\"attachment_3217\" style=\"width: 694px\" class=\"wp-caption alignnone\"><a class=\"Projetos de Casas Arquitetura Moderna\" href=\"http:\/\/www.arquitetocaio.com.br\" target=\"_blank\" rel=\"projetos de casas arquitetura moderna noopener noreferrer\"><img loading=\"lazy\" decoding=\"async\" aria-describedby=\"caption-attachment-3217\" class=\"Projetos de Casas Arquitetura Moderna wp-image-3217 size-medium\" title=\"Projetos de Casas Arquitetura Moderna\" src=\"http:\/\/arquitetocaio.com\/wpcp\/wp-content\/uploads\/2017\/05\/projeto-planta-casa-terrea-fachada-moderna-terreno-12x25-condom\u00ednio-damha-limeira-160-metros-2-684x513.png\" alt=\"Projetos de Casas Arquitetura Moderna\" width=\"684\" height=\"513\"><\/a><p id=\"caption-attachment-3217\" class=\"wp-caption-text\">Projetos de Casas Arquitetura Moderna<\/p><\/div>\n<p>Projetos de casas modernas em condom\u00ednio residencial fechado.<\/p>\n<p>Mais Importante Confira a segui fotos de&nbsp;casas modernas&nbsp;para inspirar o&nbsp;<em>projeto<\/em>&nbsp;da sua&nbsp;<em>casa<\/em>.<\/p>\n<p>Consulte nosso portf\u00f3lio com mais de 1000 Projetos e se inspire para sua pr\u00f3xima casa.<\/p>\n<p>confira em nosso site <a href=\"http:\/\/www.arquitetocaio.com.br\">www.arquitetocaio.com.br<\/a><\/p>\n<p>Somos especializados em projetar casas dos sonhos.<\/p>\n<p>Veja mais sobre Arquitetura,&nbsp;Casas&nbsp;modernas de luxo e&nbsp;Casa&nbsp;com arquitetura<\/p>\n<p>Portanto As mais belas casas modernas.<\/p>\n<p>Portanto Lindos Projetos de Casas Modernas<\/p>\n<p>Casas Contemporaneas<\/p>\n<p>Projetos de Casas Minimalistas<\/p>\n<p>Fachada de Casa Contemporanea.<\/p>\n","protected":false},"excerpt":{"rendered":"<p>Projetos de Casas Arquitetura Moderna&nbsp;e Contempor\u00e2nea &nbsp; Projetos de Casas Arquitetura Moderna e&nbsp;Projetos Modernos, Plantas Contempor\u00e2nea, Arquitetura Nova, Arquitetura Contempor\u00e2nea, Portanto confira Arquitetos Modernos, Arquitetura Moderna Campinas, Arquitetura Moderna Limeira, Arquitetura Moderna Valinhos Projetos de casas modernas em condom\u00ednio residencial fechado. Mais Importante Confira a segui fotos de&nbsp;casas modernas&nbsp;para inspirar o&nbsp;projeto&nbsp;da sua&nbsp;casa. Consulte nosso portf\u00f3lio com mais de 1000 Projetos&#8230;<\/p>\n","protected":false},"author":2,"featured_media":0,"parent":0,"menu_order":2,"comment_status":"closed","ping_status":"closed","template":"templ-portfolio-two.php","meta":{"footnotes":""},"_links":{"self":[{"href":"https:\/\/arquitetocaio.com\/wpcp\/wp-json\/wp\/v2\/pages\/124"}],"collection":[{"href":"https:\/\/arquitetocaio.com\/wpcp\/wp-json\/wp\/v2\/pages"}],"about":[{"href":"https:\/\/arquitetocaio.com\/wpcp\/wp-json\/wp\/v2\/types\/page"}],"author":[{"embeddable":true,"href":"https:\/\/arquitetocaio.com\/wpcp\/wp-json\/wp\/v2\/users\/2"}],"replies":[{"embeddable":true,"href":"https:\/\/arquitetocaio.com\/wpcp\/wp-json\/wp\/v2\/comments?post=124"}],"version-history":[{"count":19,"href":"https:\/\/arquitetocaio.com\/wpcp\/wp-json\/wp\/v2\/pages\/124\/revisions"}],"predecessor-version":[{"id":6833,"href":"https:\/\/arquitetocaio.com\/wpcp\/wp-json\/wp\/v2\/pages\/124\/revisions\/6833"}],"wp:attachment":[{"href":"https:\/\/arquitetocaio.com\/wpcp\/wp-json\/wp\/v2\/media?parent=124"}],"curies":[{"name":"wp","href":"https:\/\/api.w.org\/{rel}","templated":true}]}}