{"id":122,"date":"2016-08-02T22:02:30","date_gmt":"2016-08-03T01:02:30","guid":{"rendered":"http:\/\/arquitetocaio.com\/wpcp\/?page_id=122"},"modified":"2017-11-06T15:19:54","modified_gmt":"2017-11-06T18:19:54","slug":"projetos-de-arquitetura-classica-e-arquitetura-neoclassica","status":"publish","type":"page","link":"https:\/\/arquitetocaio.com\/wpcp\/projetos-de-arquitetura-classica-e-arquitetura-neoclassica\/","title":{"rendered":"Arquitetura Cl\u00e1ssica"},"content":{"rendered":"<h1>Projetos de Arquitetura Cl\u00e1ssica e arquitetura neocl\u00e1ssica<\/h1>\n<p>Projetos de Arquitetura Cl\u00e1ssica e arquitetura neocl\u00e1ssica, fachada cl\u00e1ssica, casas cl\u00e1ssicas.<\/p>\n<p>casa estilo cl\u00e1ssico, planta tipo cl\u00e1ssica, arquiteto faz casa cl\u00e1ssica em campinas.<\/p>\n<div id=\"attachment_2767\" style=\"width: 694px\" class=\"wp-caption alignnone\"><a class=\"Projetos de Arquitetura Cl\u00e1ssica e arquitetura neocl\u00e1ssica\" href=\"http:\/\/arquitetocaio.com.br\/projetos-de-arquitetura-classica-e-arquitetura-neoclassica\/\" target=\"_blank\" rel=\"Projetos de Arquitetura Cl\u00e1ssica e arquitetura neocl\u00e1ssica noopener noreferrer\"><img loading=\"lazy\" decoding=\"async\" aria-describedby=\"caption-attachment-2767\" class=\"Projetos de Arquitetura Cl\u00e1ssica e arquitetura neocl\u00e1ssica wp-image-2767 size-medium\" title=\"Projetos de Arquitetura Cl\u00e1ssica e arquitetura neocl\u00e1ssica\" src=\"http:\/\/arquitetocaio.com\/wpcp\/wp-content\/uploads\/2017\/02\/projeto-casa-sobrado-neoclassico-terreno-esquina-fachada-classica-3-suites-telhado-plano-684x399.jpg\" alt=\"Projetos de Arquitetura Cl\u00e1ssica e arquitetura neocl\u00e1ssica\" width=\"684\" height=\"399\" \/><\/a><p id=\"caption-attachment-2767\" class=\"wp-caption-text\">Projetos de Arquitetura Cl\u00e1ssica e arquitetura neocl\u00e1ssica<\/p><\/div>\n<p>Confira mais de 1000 projetos de arquitetura feitos pelo Escrit\u00f3rio Caio Pelisson<\/p>\n<p>Estilo de Arquitetura Cl\u00e1ssica ou Estilo de Arquitetura Neocl\u00e1ssica, seja qual o seu estilo de arquitetura preferido, nosso escrit\u00f3rio est\u00e1 pronto para lhe ajudar a realizar o sonho de ter uma casa com inspira\u00e7\u00e3o europeia.<\/p>\n<p>Estilo de Arquitetura Europeu e Estilo de Arquitetura com inspira\u00e7\u00e3o Americana.<\/p>\n<p>Arquitetura Francesa no Brasil<\/p>\n<p>Conhe\u00e7a mais de 1000 projetos do Escrit\u00f3rio de Arquitetura Caio Pelisson.<\/p>\n<p>Atendemos em todo Brasil e Exterior com Projetos de Arquitetura<\/p>\n<p>projeto escrit\u00f3rio advocacia limeira fachada neocl\u00e1ssica<\/p>\n","protected":false},"excerpt":{"rendered":"<p>Projetos de Arquitetura Cl\u00e1ssica e arquitetura neocl\u00e1ssica Projetos de Arquitetura Cl\u00e1ssica e arquitetura neocl\u00e1ssica, fachada cl\u00e1ssica, casas cl\u00e1ssicas. casa estilo cl\u00e1ssico, planta tipo cl\u00e1ssica, arquiteto faz casa cl\u00e1ssica em campinas. Confira mais de 1000 projetos de arquitetura feitos pelo Escrit\u00f3rio Caio Pelisson Estilo de Arquitetura Cl\u00e1ssica ou Estilo de Arquitetura Neocl\u00e1ssica, seja qual o seu estilo de arquitetura preferido, nosso&#8230;<\/p>\n","protected":false},"author":2,"featured_media":0,"parent":0,"menu_order":0,"comment_status":"closed","ping_status":"closed","template":"templ-portfolio-two.php","meta":{"footnotes":""},"_links":{"self":[{"href":"https:\/\/arquitetocaio.com\/wpcp\/wp-json\/wp\/v2\/pages\/122"}],"collection":[{"href":"https:\/\/arquitetocaio.com\/wpcp\/wp-json\/wp\/v2\/pages"}],"about":[{"href":"https:\/\/arquitetocaio.com\/wpcp\/wp-json\/wp\/v2\/types\/page"}],"author":[{"embeddable":true,"href":"https:\/\/arquitetocaio.com\/wpcp\/wp-json\/wp\/v2\/users\/2"}],"replies":[{"embeddable":true,"href":"https:\/\/arquitetocaio.com\/wpcp\/wp-json\/wp\/v2\/comments?post=122"}],"version-history":[{"count":11,"href":"https:\/\/arquitetocaio.com\/wpcp\/wp-json\/wp\/v2\/pages\/122\/revisions"}],"predecessor-version":[{"id":3332,"href":"https:\/\/arquitetocaio.com\/wpcp\/wp-json\/wp\/v2\/pages\/122\/revisions\/3332"}],"wp:attachment":[{"href":"https:\/\/arquitetocaio.com\/wpcp\/wp-json\/wp\/v2\/media?parent=122"}],"curies":[{"name":"wp","href":"https:\/\/api.w.org\/{rel}","templated":true}]}}