{"id":92,"date":"2016-07-30T15:00:17","date_gmt":"2016-07-30T18:00:17","guid":{"rendered":"http:\/\/arquitetocaio.com\/wpcp\/?page_id=92"},"modified":"2020-11-09T07:39:33","modified_gmt":"2020-11-09T10:39:33","slug":"sobre-arquitetos-campinas-arquiteta-limeira","status":"publish","type":"page","link":"http:\/\/arquitetocaio.com\/wpcp\/sobre-arquitetos-campinas-arquiteta-limeira\/","title":{"rendered":"Sobre"},"content":{"rendered":"<p>Agora Somos Italico Special Homes<\/p>\n<p>veja nosso Site clique no <a href=\"https:\/\/italicohomes.com\/o-escritorio\/\">link<\/a><\/p>\n<p>Caio Pelisson \u00e9 um arquiteto especializado internacionalmente em arquitetura cl\u00e1ssica, sendo um dos \u00fanicos profissionais no Brasil com um vasto portif\u00f3lio nesta \u00e1rea.<br \/>\nFormado em Constru\u00e7\u00e3o Civil em 1999 pela Unicamp, novamente formado em arquitetura pela UNIMEP em 2005, p\u00f3s graduado em Design de Interiores em 2006 e p\u00f3s graduado em Ilumina\u00e7\u00e3o em 2007, Caio trabalha com arquitetura din\u00e2mica e busca entender as necessidades e os desejos dos clientes para criar projetos inovadores que v\u00e3o muito al\u00e9m do comum.<br \/>\nO foco de Caio Pelisson \u00e9 voltado para a sustentabilidade, por isso utiliza estruturas met\u00e1licas e de madeira, executando projetos marcados pela economia na escolha dos materiais.<br \/>\nToda essa experi\u00eancia fez com que Caio colecionasse mais de 1000 projetos em seu portif\u00f3lio com obras nos principais condom\u00ednios das cidades de Americana, Campinas, Hortol\u00e2ndia, Nova Odessa, Limeira, Piracicaba, Paul\u00ednia, Valinhos, Vinhedo, S\u00e3o Paulo, Barueri, Tambor\u00e9, Londrina e, at\u00e9 mesmo, Miami.<\/p>\n        <div id=\"sbi_mod_error\" >\r\n            <span>This error message is only visible to WordPress admins<\/span><br \/>\r\n            <p><b>Error: No connected account.<\/b>\r\n            <p>Please go to the Instagram Feed settings page to connect an account.<\/p>\r\n        <\/div>\r\n\t\t\n","protected":false},"excerpt":{"rendered":"<p>Agora Somos Italico Special Homes veja nosso Site clique no link Caio Pelisson \u00e9 um arquiteto especializado internacionalmente em arquitetura cl\u00e1ssica, sendo um dos \u00fanicos profissionais no Brasil com um vasto portif\u00f3lio nesta \u00e1rea. Formado em Constru\u00e7\u00e3o Civil em 1999 pela Unicamp, novamente formado em arquitetura pela UNIMEP em 2005, p\u00f3s graduado em Design de Interiores em 2006 e p\u00f3s&#8230;<\/p>\n","protected":false},"author":2,"featured_media":0,"parent":0,"menu_order":0,"comment_status":"closed","ping_status":"closed","template":"","meta":{"footnotes":""},"_links":{"self":[{"href":"http:\/\/arquitetocaio.com\/wpcp\/wp-json\/wp\/v2\/pages\/92"}],"collection":[{"href":"http:\/\/arquitetocaio.com\/wpcp\/wp-json\/wp\/v2\/pages"}],"about":[{"href":"http:\/\/arquitetocaio.com\/wpcp\/wp-json\/wp\/v2\/types\/page"}],"author":[{"embeddable":true,"href":"http:\/\/arquitetocaio.com\/wpcp\/wp-json\/wp\/v2\/users\/2"}],"replies":[{"embeddable":true,"href":"http:\/\/arquitetocaio.com\/wpcp\/wp-json\/wp\/v2\/comments?post=92"}],"version-history":[{"count":5,"href":"http:\/\/arquitetocaio.com\/wpcp\/wp-json\/wp\/v2\/pages\/92\/revisions"}],"predecessor-version":[{"id":6909,"href":"http:\/\/arquitetocaio.com\/wpcp\/wp-json\/wp\/v2\/pages\/92\/revisions\/6909"}],"wp:attachment":[{"href":"http:\/\/arquitetocaio.com\/wpcp\/wp-json\/wp\/v2\/media?parent=92"}],"curies":[{"name":"wp","href":"https:\/\/api.w.org\/{rel}","templated":true}]}}