{"id":156,"date":"2016-08-03T22:39:46","date_gmt":"2016-08-04T01:39:46","guid":{"rendered":"http:\/\/arquitetocaio.com\/wpcp\/?page_id=156"},"modified":"2018-10-01T21:40:38","modified_gmt":"2018-10-02T00:40:38","slug":"projetos-arquitetura-interiores-design-interior-campinas-limeira-decoradora","status":"publish","type":"page","link":"http:\/\/arquitetocaio.com\/wpcp\/projetos-arquitetura-interiores-design-interior-campinas-limeira-decoradora\/","title":{"rendered":"Interiores"},"content":{"rendered":"<h1><strong>Projetos Arquitetura de Interiores Campinas Design de Interiores Limeira arquiteto<\/strong><\/h1>\n<p>Confira os <strong>Projetos Arquitetura de Interiores Campinas Design de Interiores Limeira arquiteto<\/strong> Caio Pelisson<\/p>\n<p>Projetos de Arquitetura de Interiores em Campinas, Design de Interiores em Limeira, arquiteto de interiores, decorador, arquiteta, decoradora<\/p>\n<div id=\"attachment_2835\" style=\"width: 694px\" class=\"wp-caption alignnone\"><a href=\"http:\/\/arquitetocaio.com.br\/projetos-arquitetura-residencial-arquiteto-corporativo-arquitetura-comercial-campinas-limeira\/\"><img loading=\"lazy\" decoding=\"async\" aria-describedby=\"caption-attachment-2835\" class=\"wp-image-2835 size-medium\" src=\"http:\/\/arquitetocaio.com\/wpcp\/wp-content\/uploads\/2017\/02\/projeto-decoracao-design-interiores-casa-sobrado-alto-padrao-condominio-piracicaba-22-684x513.png\" alt=\"projeto decora\u00e7\u00e3o design interiores casa sobrado alto padr\u00e3o condom\u00ednio piracicaba\" width=\"684\" height=\"513\" \/><\/a><p id=\"caption-attachment-2835\" class=\"wp-caption-text\">projeto decora\u00e7\u00e3o design interiores casa sobrado alto padr\u00e3o condom\u00ednio piracicaba<\/p><\/div>\n<p>Mais Importante Projetos de decora\u00e7\u00e3o para apartamentos compactos<\/p>\n<p>Projetos de decora\u00e7\u00e3o para apartamentos de alto padr\u00e3o Luxuosos.<\/p>\n<p>Entao Entre em Contato conosco<\/p>\n<p><em>Projeto<\/em>\u00a0de\u00a0<em>Reforma \u00c1rea<\/em>\u00a0de\u00a0<em>Lazer<\/em>.\u00a0<em>Projeto<\/em>\u00a0de\u00a0<em>arquitetura \u00e1rea<\/em>\u00a0de\u00a0<em>lazer<\/em>\u00a0residencial localizado em Campinas<\/p>\n<p>pelo email contato@arquitetocaio.com<\/p>\n<p>ou entao pelo Whatsapp (19) 981337909<\/p>\n<p>Atendemos em todo Brasil.<\/p>\n<p>entao Confira em nosso portfolio mais de 1000 Projetos e solicite seu or\u00e7amento.<\/p>\n<p>&nbsp;<\/p>\n","protected":false},"excerpt":{"rendered":"<p>Projetos Arquitetura de Interiores Campinas Design de Interiores Limeira arquiteto Confira os Projetos Arquitetura de Interiores Campinas Design de Interiores Limeira arquiteto Caio Pelisson Projetos de Arquitetura de Interiores em Campinas, Design de Interiores em Limeira, arquiteto de interiores, decorador, arquiteta, decoradora Mais Importante Projetos de decora\u00e7\u00e3o para apartamentos compactos Projetos de decora\u00e7\u00e3o para apartamentos de alto padr\u00e3o Luxuosos. Entao&#8230;<\/p>\n","protected":false},"author":2,"featured_media":0,"parent":0,"menu_order":1,"comment_status":"closed","ping_status":"closed","template":"templ-portfolio-two.php","meta":{"footnotes":""},"_links":{"self":[{"href":"http:\/\/arquitetocaio.com\/wpcp\/wp-json\/wp\/v2\/pages\/156"}],"collection":[{"href":"http:\/\/arquitetocaio.com\/wpcp\/wp-json\/wp\/v2\/pages"}],"about":[{"href":"http:\/\/arquitetocaio.com\/wpcp\/wp-json\/wp\/v2\/types\/page"}],"author":[{"embeddable":true,"href":"http:\/\/arquitetocaio.com\/wpcp\/wp-json\/wp\/v2\/users\/2"}],"replies":[{"embeddable":true,"href":"http:\/\/arquitetocaio.com\/wpcp\/wp-json\/wp\/v2\/comments?post=156"}],"version-history":[{"count":10,"href":"http:\/\/arquitetocaio.com\/wpcp\/wp-json\/wp\/v2\/pages\/156\/revisions"}],"predecessor-version":[{"id":5917,"href":"http:\/\/arquitetocaio.com\/wpcp\/wp-json\/wp\/v2\/pages\/156\/revisions\/5917"}],"wp:attachment":[{"href":"http:\/\/arquitetocaio.com\/wpcp\/wp-json\/wp\/v2\/media?parent=156"}],"curies":[{"name":"wp","href":"https:\/\/api.w.org\/{rel}","templated":true}]}}